{"id":27,"date":"2016-02-17T18:37:24","date_gmt":"2016-02-17T18:37:24","guid":{"rendered":"http:\/\/webcancun.com.mx\/dgyh\/?page_id=27"},"modified":"2026-04-22T18:07:19","modified_gmt":"2026-04-22T18:07:19","slug":"directory","status":"publish","type":"page","link":"https:\/\/dgyh.mx\/en\/directory\/","title":{"rendered":"Directory of Lawyers and Accountants in Cancun"},"content":{"rendered":"[vc_row][vc_column][vc_column_text]\n<h2 style=\"text-align: center;\"><span class=\"notranslate\">Legal<\/span><\/h2>\n[\/vc_column_text][vc_column_text]\n<table style=\"height: 280px; width: 100%;\" width=\"100%\" cellpadding=\"10\">\n<thead style=\"font-size: 1em;\">\n<tr style=\"height: 20px;\" bgcolor=\"#012841\">\n<th style=\"width: 45%; text-align: left; color: #ffffff; height: 20px;\">Name<\/th>\n<th style=\"width: 30%; height: 20px;\"><\/th>\n<th style=\"width: 25%; height: 20px;\"><\/th>\n<\/tr>\n<\/thead>\n<tbody>\n<tr style=\"height: 20px;\">\n<td style=\"height: 20px;\">Lic. Estefano Dom\u00ednguez Manzi<\/td>\n<td style=\"height: 20px;\">Founding Partner<\/td>\n<td style=\"height: 20px;\"><\/td>\n<\/tr>\n<tr class=\"odd\" style=\"height: 20px;\">\n<td style=\"height: 20px;\">Lic. Pablo Adrian Galeotti<\/td>\n<td style=\"height: 20px;\">Partner<\/td>\n<td style=\"height: 20px;\"><\/td>\n<\/tr>\n<tr style=\"height: 20px;\">\n<td style=\"height: 20px;\">Lic. Sergio Guzm\u00e1n Dom\u00ednguez<\/td>\n<td style=\"height: 20px;\">Associate<\/td>\n<td style=\"height: 20px;\"><\/td>\n<\/tr>\n<tr style=\"height: 20px;\">\n<td style=\"height: 20px;\">Lic. Rodrigo Mar\u00edn Estrada<\/td>\n<td style=\"height: 20px;\">Associate<\/td>\n<td style=\"height: 20px;\"><\/td>\n<\/tr>\n<tr style=\"height: 20px;\">\n<td style=\"height: 20px;\">Lic. Norma S\u00e1nchez Valencia<\/td>\n<td style=\"height: 20px;\">Attorney<\/td>\n<td style=\"height: 20px;\"><\/td>\n<\/tr>\n<tr class=\"odd\" style=\"height: 20px;\">\n<td style=\"height: 20px;\">Lic. Bruno Dom\u00ednguez Manzi<\/td>\n<td style=\"height: 20px;\">Associate<\/td>\n<td style=\"height: 20px;\"><\/td>\n<\/tr>\n<tr style=\"height: 20px;\">\n<td style=\"height: 20px;\">Lic. Artemio Roque \u00c1lvarez<\/td>\n<td style=\"height: 20px;\">Attorney<\/td>\n<td style=\"height: 20px;\"><\/td>\n<\/tr>\n<tr style=\"height: 20px;\">\n<td style=\"height: 20px;\">Lic. Xochitl Moctezuma Segundo<\/td>\n<td style=\"height: 20px;\">Attorney<\/td>\n<td style=\"height: 20px;\"><\/td>\n<\/tr>\n<tr class=\"odd\" style=\"height: 20px;\">\n<td style=\"height: 20px;\">Diana Laura Jim\u00e9nez Castel\u00e1n<\/td>\n<td style=\"height: 20px;\">Law clerk<\/td>\n<td style=\"height: 20px;\"><\/td>\n<\/tr>\n<tr>\n<td>Mariangeles Quintal<\/td>\n<td>Law clerk<\/td>\n<td><\/td>\n<\/tr>\n<tr>\n<td>Anaeli Quintal<\/td>\n<td>Law clerk<\/td>\n<td><\/td>\n<\/tr>\n<tr>\n<td>Rebeca Cerino<\/td>\n<td>Law clerk<\/td>\n<td><\/td>\n<\/tr>\n<tr>\n<td>Ing. Ulises Alvarez<\/td>\n<td>Environmental engineer<\/td>\n<td><\/td>\n<\/tr>\n<tr style=\"height: 20px;\">\n<td style=\"height: 20px;\">Alejandra Guti\u00e9rrez Ontiveros<\/td>\n<td style=\"height: 20px;\">Administrative Manager<\/td>\n<td style=\"height: 20px;\"><\/td>\n<\/tr>\n<tr style=\"height: 20px;\">\n<td style=\"height: 20px;\">Maria Trinidad Hernandez<\/td>\n<td style=\"height: 20px;\">Administrative staff<\/td>\n<td style=\"height: 20px;\"><\/td>\n<\/tr>\n<\/tbody>\n<\/table>\n[\/vc_column_text][vc_column_text]\n<h2 style=\"text-align: center;\">Labor<\/h2>\n[\/vc_column_text][vc_column_text]\n<table width=\"100%\" cellpadding=\"10\">\n<thead style=\"font-size: 1em;\">\n<tr style=\"height: 20px;\" bgcolor=\"#012841\">\n<th style=\"width: 45%; height: 20px; color: #ffffff; text-align: left;\">Name<\/th>\n<th style=\"width: 30%; height: 20px;\"><\/th>\n<th style=\"width: 25%; height: 20px;\"><\/th>\n<\/tr>\n<\/thead>\n<tbody>\n<tr class=\"odd\" style=\"height: 20px;\">\n<td style=\"height: 20px;\">Lic. Jos\u00e9 Miguel Hurtado Heredia<\/td>\n<td style=\"height: 20px;\">Partner<\/td>\n<td style=\"height: 20px;\"><\/td>\n<\/tr>\n<tr class=\"odd\" style=\"height: 20px;\">\n<td style=\"height: 20px;\">Lic. Isela Alexandr\u00eda Vega Ibarra<\/td>\n<td style=\"height: 20px;\">Associate<\/td>\n<td style=\"height: 20px;\"><\/td>\n<\/tr>\n<tr style=\"height: 20px;\">\n<td style=\"height: 20px;\">Lic.\u00a0Jose Arturo Rojas Soberanis<\/td>\n<td style=\"height: 20px;\">Attorney<\/td>\n<td style=\"height: 20px;\"><\/td>\n<\/tr>\n<tr style=\"height: 20px;\">\n<td style=\"height: 20px;\">Lic. Diego Torres Col\u00edn<\/td>\n<td style=\"height: 20px;\">Attorney<\/td>\n<td style=\"height: 20px;\"><\/td>\n<\/tr>\n<tr>\n<td>Lic. Pamela Garcia Pavon<\/td>\n<td>Attorney<\/td>\n<td><\/td>\n<\/tr>\n<tr style=\"height: 20px;\">\n<td style=\"height: 20px;\">Jesh\u00faa Damian Lobato Mej\u00eda<\/td>\n<td style=\"height: 20px;\">Law clerk<\/td>\n<td style=\"height: 20px;\"><\/td>\n<\/tr>\n<tr style=\"height: 20px;\">\n<td style=\"height: 20px;\">Hazil Escamilla Ochoa<\/td>\n<td style=\"height: 20px;\">Assistant Administrative<\/td>\n<td style=\"height: 20px;\"><\/td>\n<\/tr>\n<tr style=\"height: 20px;\">\n<td style=\"height: 20px;\">Erick Garcia Martinez<\/td>\n<td style=\"height: 20px;\">Labor Practice Administration Staff<\/td>\n<td style=\"height: 20px;\"><\/td>\n<\/tr>\n<\/tbody>\n<\/table>\n[\/vc_column_text][vc_column_text]\n<h2 style=\"text-align: center;\"><span class=\"notranslate\"> Audit, Taxes and Accounting<\/span><\/h2>\n[\/vc_column_text][vc_column_text]\n<table style=\"height: 528px; width: 100%;\" width=\"100%\" cellpadding=\"10\">\n<thead style=\"font-size: 1em;\">\n<tr style=\"height: 20px;\" bgcolor=\"#012841\">\n<th style=\"width: 45%; height: 20px; color: #ffffff; text-align: left;\">Name<\/th>\n<th style=\"width: 30%; height: 20px;\"><\/th>\n<th style=\"width: 25%; height: 20px;\"><\/th>\n<\/tr>\n<\/thead>\n<tbody>\n<tr class=\"odd\" style=\"height: 20px;\">\n<td style=\"height: 20px;\">Ph.D. Adrian G\u00f3mez Oyanguren<\/td>\n<td style=\"height: 20px;\">Founding Partner<\/td>\n<td style=\"height: 20px;\"><\/td>\n<\/tr>\n<tr style=\"height: 20px;\">\n<td style=\"height: 20px;\">M.Sc Juan Luis Cruz Ugarte<\/td>\n<td style=\"height: 20px;\">Partner<\/td>\n<td style=\"height: 20px;\"><\/td>\n<\/tr>\n<tr style=\"height: 20px;\">\n<td style=\"height: 20px;\">L.C Cesar J. Barbet Heredia<\/td>\n<td style=\"height: 20px;\">Associate<\/td>\n<td style=\"height: 20px;\"><\/td>\n<\/tr>\n<tr style=\"height: 20px;\">\n<td style=\"height: 20px;\">M.Sc Viridiana Velazquez Fern\u00e1ndez<\/td>\n<td style=\"height: 20px;\">Associate<\/td>\n<td style=\"height: 20px;\"><\/td>\n<\/tr>\n<tr style=\"height: 20px;\">\n<td style=\"height: 20px;\">L.C Luis Fernando M\u00e9ndez Bernechea<\/td>\n<td style=\"height: 20px;\">Audit Manage<\/td>\n<td style=\"height: 20px;\"><\/td>\n<\/tr>\n<tr style=\"height: 28px;\">\n<td style=\"height: 28px;\">L.C\u00a0Yenny Ram\u00edrez M\u00e9ndez<\/td>\n<td style=\"height: 28px;\"><span class=\"notranslate\">Accounting Manager<\/span><\/td>\n<td style=\"height: 28px;\"><\/td>\n<\/tr>\n<tr class=\"odd\" style=\"height: 20px;\">\n<td style=\"height: 20px;\">L.C Fabiola Garcia Cuca<\/td>\n<td style=\"height: 20px;\"><span class=\"notranslate\">Administration Manager<\/span><\/td>\n<td style=\"height: 20px;\"><\/td>\n<\/tr>\n<tr style=\"height: 20px;\">\n<td style=\"height: 20px;\">L.C Andres Jasefath Pat Ramos<\/td>\n<td style=\"height: 20px;\"><span class=\"notranslate\">Audit<\/span><\/td>\n<td style=\"height: 20px;\"><\/td>\n<\/tr>\n<tr style=\"height: 20px;\">\n<td style=\"height: 20px;\">L.C Bernardo Javier Cetina Ek<\/td>\n<td style=\"height: 20px;\"><span class=\"notranslate\">Senior Tax Manager<\/span><\/td>\n<td style=\"height: 20px;\"><\/td>\n<\/tr>\n<tr class=\"odd\" style=\"height: 20px;\">\n<td style=\"height: 20px;\">L.C\u00a0Rafael Acosta tuz<\/td>\n<td style=\"height: 20px;\"><span class=\"notranslate\">Junior Tax Manager\u00a0<\/span><\/td>\n<td style=\"height: 20px;\"><\/td>\n<\/tr>\n<tr style=\"height: 20px;\">\n<td style=\"height: 20px;\">L.I.F.F\u00a0Vanesa Gayosso Ortega<\/td>\n<td style=\"height: 20px;\"><span class=\"notranslate\">Tax Assistant\u00a0<\/span><\/td>\n<td style=\"height: 20px;\"><\/td>\n<\/tr>\n<tr style=\"height: 20px;\">\n<td style=\"height: 20px;\">L.C\u00a0Wendy Kuyoc Priego<\/td>\n<td style=\"height: 20px;\"><span class=\"notranslate\">Public Accountant<\/span><\/td>\n<td style=\"height: 20px;\"><\/td>\n<\/tr>\n<tr class=\"odd\" style=\"height: 20px;\">\n<td style=\"height: 20px;\">L.I.F.F Sinhue Sanchez Machorro<\/td>\n<td style=\"height: 20px;\"><span class=\"notranslate\">Public Accountant<\/span><\/td>\n<td style=\"height: 20px;\"><\/td>\n<\/tr>\n<tr style=\"height: 20px;\">\n<td style=\"height: 20px;\">L.C Juan Manuel Gil Poot<\/td>\n<td style=\"height: 20px;\"><span class=\"notranslate\">Public Accountant<\/span><\/td>\n<td style=\"height: 20px;\"><\/td>\n<\/tr>\n<tr class=\"odd\" style=\"height: 20px;\">\n<td style=\"height: 20px;\">L.C Edith de Jes\u00fas Caamal Pat<\/td>\n<td style=\"height: 20px;\"><span class=\"notranslate\">Public Accountant<\/span><\/td>\n<td style=\"height: 20px;\"><\/td>\n<\/tr>\n<tr style=\"height: 20px;\">\n<td style=\"height: 20px;\">L.C Salvador Macias Camarena<\/td>\n<td style=\"height: 20px;\"><span class=\"notranslate\">Public Accountant<\/span><\/td>\n<td style=\"height: 20px;\"><\/td>\n<\/tr>\n<\/tr>\n<tr style=\"height: 20px;\">\n<td style=\"height: 20px;\">Fabiola Fern\u00e1ndez L\u00f3pez<\/td>\n<td style=\"height: 20px;\"><span class=\"notranslate\">Administrative staff<\/span><\/td>\n<td style=\"height: 20px;\"><\/td>\n<\/tr>\n<\/tbody>\n<\/table>\n[\/vc_column_text][\/vc_column][\/vc_row]\n","protected":false},"excerpt":{"rendered":"<p>[vc_row][vc_column][vc_column_text] Legal [\/vc_column_text][vc_column_text] Name Lic. Estefano Dom\u00ednguez Manzi Founding Partner Lic. Pablo Adrian Galeotti Partner Lic. Sergio Guzm\u00e1n Dom\u00ednguez Associate Lic. Rodrigo Mar\u00edn Estrada Associate Lic. Norma S\u00e1nchez Valencia Attorney Lic. Bruno Dom\u00ednguez Manzi Associate Lic. Artemio Roque \u00c1lvarez Attorney &hellip; <a href=\"https:\/\/dgyh.mx\/en\/directory\/\">Continued<\/a><\/p>\n","protected":false},"author":2,"featured_media":0,"parent":0,"menu_order":0,"comment_status":"closed","ping_status":"closed","template":"","meta":{"jetpack_post_was_ever_published":false,"footnotes":""},"jetpack_sharing_enabled":true,"jetpack_shortlink":"https:\/\/wp.me\/PepG1O-r","jetpack-related-posts":[],"_links":{"self":[{"href":"https:\/\/dgyh.mx\/en\/wp-json\/wp\/v2\/pages\/27"}],"collection":[{"href":"https:\/\/dgyh.mx\/en\/wp-json\/wp\/v2\/pages"}],"about":[{"href":"https:\/\/dgyh.mx\/en\/wp-json\/wp\/v2\/types\/page"}],"author":[{"embeddable":true,"href":"https:\/\/dgyh.mx\/en\/wp-json\/wp\/v2\/users\/2"}],"replies":[{"embeddable":true,"href":"https:\/\/dgyh.mx\/en\/wp-json\/wp\/v2\/comments?post=27"}],"version-history":[{"count":5,"href":"https:\/\/dgyh.mx\/en\/wp-json\/wp\/v2\/pages\/27\/revisions"}],"predecessor-version":[{"id":554,"href":"https:\/\/dgyh.mx\/en\/wp-json\/wp\/v2\/pages\/27\/revisions\/554"}],"wp:attachment":[{"href":"https:\/\/dgyh.mx\/en\/wp-json\/wp\/v2\/media?parent=27"}],"curies":[{"name":"wp","href":"https:\/\/api.w.org\/{rel}","templated":true}]}}