{"id":5,"date":"2015-10-16T21:04:50","date_gmt":"2015-10-16T21:04:50","guid":{"rendered":"http:\/\/webcancun.com.mx\/dgyh\/?page_id=5"},"modified":"2023-03-14T16:59:34","modified_gmt":"2023-03-14T16:59:34","slug":"5-2","status":"publish","type":"page","link":"https:\/\/dgyh.mx\/en\/","title":{"rendered":""},"content":{"rendered":"<div id=\"pl-5\"  class=\"panel-layout\" ><div id=\"pg-5-0\"  class=\"panel-grid panel-no-style\" ><div id=\"pgc-5-0-0\"  class=\"panel-grid-cell\" ><div id=\"panel-5-0-0-0\" class=\"so-panel widget widget_text panel-first-child panel-last-child\" data-index=\"0\" >\t\t\t<div class=\"textwidget\">DG&H es una firma de abogados corporativos, contadores p\u00fablicos y consultores financieros, fundada en 1996 en Canc\u00fan.\n\nBrindamos a nuestros clientes asesor\u00eda orientada a la mejora continua de los procesos jur\u00eddico corporativos, laborales, financieros, fiscales y administrativos de todo tipo de negocios, en forma personalizada, en un ambiente de cordialidad y total disposici\u00f3n, asegurando con ello una relaci\u00f3n profesional confiable y duradera.\n\nComo miembros de Monlex Internacional, asociaci\u00f3n jur\u00eddica global con presencia en 23 pa\u00edses, DG&H consolida su proyecci\u00f3n global en los servicios proporcionados.<\/div>\n\t\t<\/div><\/div><\/div><div id=\"pg-5-1\"  class=\"panel-grid panel-no-style\" ><div id=\"pgc-5-1-0\"  class=\"panel-grid-cell\" ><div id=\"panel-5-1-0-0\" class=\"so-panel widget panel-first-child panel-last-child\" data-index=\"1\" ><\/div><\/div><div id=\"pgc-5-1-1\"  class=\"panel-grid-cell panel-grid-cell-empty panel-grid-cell-mobile-last\" ><\/div><div id=\"pgc-5-1-2\"  class=\"panel-grid-cell panel-grid-cell-empty\" ><\/div><\/div><\/div>","protected":false},"excerpt":{"rendered":"<p>DG&#038;H es una firma de abogados corporativos, contadores p\u00fablicos y consultores financieros, fundada en 1996 en Canc\u00fan. Brindamos a nuestros clientes asesor\u00eda orientada a la mejora continua de los procesos jur\u00eddico corporativos, laborales, financieros, fiscales y administrativos de todo tipo &hellip; <a href=\"https:\/\/dgyh.mx\/en\/\">Continued<\/a><\/p>\n","protected":false},"author":2,"featured_media":0,"parent":0,"menu_order":0,"comment_status":"closed","ping_status":"closed","template":"page-fullwidth.php","meta":{"jetpack_post_was_ever_published":false,"footnotes":""},"jetpack_sharing_enabled":true,"jetpack_shortlink":"https:\/\/wp.me\/PepG1O-5","jetpack-related-posts":[],"_links":{"self":[{"href":"https:\/\/dgyh.mx\/en\/wp-json\/wp\/v2\/pages\/5"}],"collection":[{"href":"https:\/\/dgyh.mx\/en\/wp-json\/wp\/v2\/pages"}],"about":[{"href":"https:\/\/dgyh.mx\/en\/wp-json\/wp\/v2\/types\/page"}],"author":[{"embeddable":true,"href":"https:\/\/dgyh.mx\/en\/wp-json\/wp\/v2\/users\/2"}],"replies":[{"embeddable":true,"href":"https:\/\/dgyh.mx\/en\/wp-json\/wp\/v2\/comments?post=5"}],"version-history":[{"count":6,"href":"https:\/\/dgyh.mx\/en\/wp-json\/wp\/v2\/pages\/5\/revisions"}],"predecessor-version":[{"id":504,"href":"https:\/\/dgyh.mx\/en\/wp-json\/wp\/v2\/pages\/5\/revisions\/504"}],"wp:attachment":[{"href":"https:\/\/dgyh.mx\/en\/wp-json\/wp\/v2\/media?parent=5"}],"curies":[{"name":"wp","href":"https:\/\/api.w.org\/{rel}","templated":true}]}}